{"id":891,"date":"2011-01-04T17:17:35","date_gmt":"2011-01-04T17:17:35","guid":{"rendered":"http:\/\/www.cultura21.net\/"},"modified":"2011-01-12T14:03:19","modified_gmt":"2011-01-12T14:03:19","slug":"rejoindre-le-reseau","status":"publish","type":"page","link":"https:\/\/www.cultura21.net\/fr\/rejoindre-le-reseau\/","title":{"rendered":"Rejoindre le r\u00e9seau"},"content":{"rendered":"<p>Des individus (sur la base de projets particuliers) aussi bien que des organisations et des r\u00e9seaux d\u2019organisations peuvent rejoindre le cercle ouvert du R\u00e9seau International. La qualit\u00e9 de membre du cercle ouvert ne fait l\u2019objet d\u2019aucun frais et offre les avantages suivants\u00a0:<\/p>\n<ul>\n<li>Acc\u00e8s complet au <a title=\"open in a new window\" href=\"http:\/\/www.cultura21.net\/dokuwiki\/doku.php\" target=\"_blank\">Wiki du r\u00e9seau <\/a>, permettant aux membres      de se pr\u00e9senter et contribuer \u00e0 la plateforme en ligne\u00a0;<\/li>\n<li>Inscription \u00e0 la <a href=\"http:\/\/listi.jpberlin.de\/mailman\/listinfo\/international\" target=\"_blank\">mailing list du r\u00e9seau<\/a>.<\/li>\n<\/ul>\n<p><!--cforms name=\"Rejoindre le reseau\"--><\/p>\n","protected":false},"excerpt":{"rendered":"<p>Des individus (sur la base de projets particuliers) aussi bien que des organisations et des r\u00e9seaux d\u2019organisations peuvent rejoindre le cercle ouvert du R\u00e9seau International. La qualit\u00e9 de membre du cercle ouvert ne fait l\u2019objet d\u2019aucun frais et offre les avantages suivants\u00a0: Acc\u00e8s complet au Wiki du r\u00e9seau , permettant aux membres de se pr\u00e9senter&hellip; <a class=\"more-link\" href=\"https:\/\/www.cultura21.net\/fr\/rejoindre-le-reseau\/\">Continue reading <span class=\"screen-reader-text\">Rejoindre le r\u00e9seau<\/span><\/a><\/p>\n","protected":false},"author":15,"featured_media":0,"parent":0,"menu_order":6,"comment_status":"closed","ping_status":"closed","template":"","meta":{"footnotes":""},"_links":{"self":[{"href":"https:\/\/www.cultura21.net\/fr\/wp-json\/wp\/v2\/pages\/891"}],"collection":[{"href":"https:\/\/www.cultura21.net\/fr\/wp-json\/wp\/v2\/pages"}],"about":[{"href":"https:\/\/www.cultura21.net\/fr\/wp-json\/wp\/v2\/types\/page"}],"author":[{"embeddable":true,"href":"https:\/\/www.cultura21.net\/fr\/wp-json\/wp\/v2\/users\/15"}],"replies":[{"embeddable":true,"href":"https:\/\/www.cultura21.net\/fr\/wp-json\/wp\/v2\/comments?post=891"}],"version-history":[{"count":0,"href":"https:\/\/www.cultura21.net\/fr\/wp-json\/wp\/v2\/pages\/891\/revisions"}],"wp:attachment":[{"href":"https:\/\/www.cultura21.net\/fr\/wp-json\/wp\/v2\/media?parent=891"}],"curies":[{"name":"wp","href":"https:\/\/api.w.org\/{rel}","templated":true}]}}