{"id":885,"date":"2011-01-04T17:07:14","date_gmt":"2011-01-04T17:07:14","guid":{"rendered":"http:\/\/www.cultura21.net\/"},"modified":"2011-01-27T13:24:19","modified_gmt":"2011-01-27T13:24:19","slug":"les-arts","status":"publish","type":"page","link":"https:\/\/www.cultura21.net\/fr\/les-arts\/","title":{"rendered":"Les Arts"},"content":{"rendered":"<p>Le R\u00e9seau International Cultura21 cherche \u00e0 favoriser des \u00e9changes fructueux entre les arts et les acteurs \u0153uvrant pour un monde de soutenabilit\u00e9. Cette plateforme met en lien des groupes d\u2019artistes, des chercheurs, des activistes, et des r\u00e9seaux d\u00e9j\u00e0 existants d\u2019artistes travaillant autour de la th\u00e9matique des cultures de soutenabilit\u00e9 (Pour en savoir plus sur le sens donn\u00e9 par Cultura21 \u00e0 l\u2019expression \u2018cultures de soutenabilit\u00e9\u2019\u00a0:\u00a0<a href=\"http:\/\/www.cultura21.net\/concept-2\/?lang=fr\">cliquer ici pour acc\u00e9der \u00e0 la page Concept de Cultura21<\/a>).<\/p>\n<p>La plateforme vise \u00e0 promouvoir des \u00e9changes et un processus d\u2019apprentissage int\u00e9grant recherche, activisme et approche critique.<\/p>\n<h2>Les 8 objectifs de Cultura21 en relations aux arts sont\u00a0:<\/h2>\n<ol>\n<li>Identifier, explorer et      discuter le potentiel des arts envers les cultures de soutenabilit\u00e9\u00a0;<\/li>\n<li>Identifier la mani\u00e8re dont      ces potentiels peuvent \u00eatre effectivement mis en \u0153uvre\u00a0;<\/li>\n<li>D\u00e9velopper un sens critique      et prendre conscience des objets relevant du monde des arts et \u0153uvrant contre      les cultures de soutenabilit\u00e9\u00a0;<\/li>\n<li>R\u00e9aliser des \u00e9valuations et      identifier des bonnes pratiques, c\u2019est-\u00e0-dire des projets artistiques qui      sont \u00e0 la fois bien inform\u00e9s et proposent une m\u00e9thode pertinente\u00a0;<\/li>\n<li>Partager les le\u00e7ons apprises ;<\/li>\n<li>Conceptualiser et mettre en      \u0153uvre des projets artistiques en faveur des cultures de soutenabilit\u00e9\u00a0;<\/li>\n<li>Contribuer \u00e0 une      int\u00e9gration des arts dans l\u2019\u00e9ducation \u00e0 la question de la soutenabilit\u00e9\u00a0;<\/li>\n<li>Promouvoir de nouvelles      m\u00e9thodes ainsi que des travaux de recherche \u00e0 propos des cultures de soutenabilit\u00e9      dans le monde des arts.<\/li>\n<\/ol>\n<h2>Activit\u00e9s<\/h2>\n<p>Afin d\u2019atteindre ces objectifs, la plateforme internationale Culture21 s\u2019emploie \u00e0 assurer:<\/p>\n<ol>\n<li>La recherche      d\u2019organisations et de projets pertinents; la constitution et l\u2019extension du      r\u00e9seau et l\u2019identification et la publication de nouvelles bonnes pratiques\u00a0;<\/li>\n<li>Un mode de conversation qui      inspire, facilite une r\u00e9flexion critique et permet des apports compl\u00e9mentaires      entre les activit\u00e9s de ces membres\u00a0:<br \/>\nn\u2019h\u00e9sitez pas \u00e0 consulter les pages du <a href=\"http:\/\/magazin.cultura21.de\/piazza\/english\" target=\"_blank\">Webmagazine <\/a>et du <a href=\"http:\/\/www.cultura21.net\/dokuwiki\/doku.php\" target=\"_blank\">Wiki<\/a> ainsi que le pr\u00e9sent site web.<\/li>\n<li>La conception et      l\u2019organisation de projets multipartenaires et des \u00e9v\u00e9nements \u00e0 dimension internationale.<\/li>\n<\/ol>\n","protected":false},"excerpt":{"rendered":"<p>Le R\u00e9seau International Cultura21 cherche \u00e0 favoriser des \u00e9changes fructueux entre les arts et les acteurs \u0153uvrant pour un monde de soutenabilit\u00e9. Cette plateforme met en lien des groupes d\u2019artistes, des chercheurs, des activistes, et des r\u00e9seaux d\u00e9j\u00e0 existants d\u2019artistes travaillant autour de la th\u00e9matique des cultures de soutenabilit\u00e9 (Pour en savoir plus sur le&hellip; <a class=\"more-link\" href=\"https:\/\/www.cultura21.net\/fr\/les-arts\/\">Continue reading <span class=\"screen-reader-text\">Les Arts<\/span><\/a><\/p>\n","protected":false},"author":15,"featured_media":0,"parent":0,"menu_order":3,"comment_status":"closed","ping_status":"closed","template":"","meta":{"footnotes":""},"_links":{"self":[{"href":"https:\/\/www.cultura21.net\/fr\/wp-json\/wp\/v2\/pages\/885"}],"collection":[{"href":"https:\/\/www.cultura21.net\/fr\/wp-json\/wp\/v2\/pages"}],"about":[{"href":"https:\/\/www.cultura21.net\/fr\/wp-json\/wp\/v2\/types\/page"}],"author":[{"embeddable":true,"href":"https:\/\/www.cultura21.net\/fr\/wp-json\/wp\/v2\/users\/15"}],"replies":[{"embeddable":true,"href":"https:\/\/www.cultura21.net\/fr\/wp-json\/wp\/v2\/comments?post=885"}],"version-history":[{"count":0,"href":"https:\/\/www.cultura21.net\/fr\/wp-json\/wp\/v2\/pages\/885\/revisions"}],"wp:attachment":[{"href":"https:\/\/www.cultura21.net\/fr\/wp-json\/wp\/v2\/media?parent=885"}],"curies":[{"name":"wp","href":"https:\/\/api.w.org\/{rel}","templated":true}]}}