{"id":8848,"date":"2014-01-17T13:09:51","date_gmt":"2014-01-17T12:09:51","guid":{"rendered":"http:\/\/www.cultura21.net\/?page_id=8848"},"modified":"2014-01-17T14:35:16","modified_gmt":"2014-01-17T13:35:16","slug":"liens","status":"publish","type":"page","link":"https:\/\/www.cultura21.net\/fr\/liens\/","title":{"rendered":"Liens nationaux"},"content":{"rendered":"<h3><a href=\"http:\/\/http:\/\/www.institut-acte.cnrs.fr\/\" target=\"_blank\">Institut ACTE UMR 8218<\/a> (France)<\/h3>\n<p><img loading=\"lazy\" decoding=\"async\" class=\" wp-image-8850 alignleft\" alt=\"acte\" src=\"http:\/\/www.cultura21.net\/wp-content\/uploads\/2013\/06\/acte.jpeg\" width=\"135\" height=\"64\" \/>L\u2019Institut ACTE r\u00e9unit des chercheurs issus des trois centres de recherche de l\u2019\u00c9cole doctorale Arts Plastiques, Esth\u00e9tique et Sciences de l\u2019art de l\u2019Universit\u00e9 Paris 1.Le projet scientifique de cette UMR se concentre autour de quatre dimensions interd\u00e9pendantes et articul\u00e9es : la cr\u00e9ation, la conceptualisation, la r\u00e9ception et la diffusion.<\/p>\n<h3><a href=\"http:\/\/http:\/\/www.observatoire-culture.net\/\" target=\"_blank\">Observatoire des politiques culturelles<\/a>\u00a0(France)<\/h3>\n<p><img loading=\"lazy\" decoding=\"async\" class=\"alignleft size-full wp-image-8849\" alt=\"odpc\" src=\"http:\/\/www.cultura21.net\/wp-content\/uploads\/2013\/06\/odpc.jpg\" width=\"140\" height=\"77\" \/>L\u2019Observatoire des politiques culturelles est un organisme national qui travaille sur l\u2019articulation entre l\u2019innovation artistique et culturelle, les \u00e9volutions de la soci\u00e9t\u00e9 et les politiques publiques au niveau territorial. Par l\u2019organisation d\u2019\u00e9tudes, de rencontres, de formation continue et la diffusion d\u2019informations, l\u2019OPC exerce un r\u00f4le d\u2019\u00e9claireur pour un large cercle de professionnels des arts et de la culture, d\u2019experts et d\u2019\u00e9lus.<\/p>\n<h3><a href=\"http:\/\/reseauculture21.fr\/\" target=\"_blank\">R\u00e9seau Culture21<\/a> (France)<\/h3>\n<p><img loading=\"lazy\" decoding=\"async\" class=\" wp-image-8851 alignleft\" alt=\"R\u00e9seauculture21\" src=\"http:\/\/www.cultura21.net\/wp-content\/uploads\/2013\/06\/R\u00e9seauculture21-300x86.jpg\" width=\"166\" height=\"72\" \/>Le R\u00e9seau Culture 21 vise \u00e0 promouvoir la culture comme une composante essentielle du d\u00e9veloppement durable. Il s\u2019appuie sur l\u2019Agenda 21 de la culture pour repenser la place et le r\u00f4le de la culture dans la soci\u00e9t\u00e9 en d\u00e9veloppant la promotion de la diversit\u00e9 culturelle, les processus participatifs et la transversalit\u00e9 de la culture dans l\u2019ensemble des politiques publiques.<\/p>\n","protected":false},"excerpt":{"rendered":"<p>Institut ACTE UMR 8218 (France) L\u2019Institut ACTE r\u00e9unit des chercheurs issus des trois centres de recherche de l\u2019\u00c9cole doctorale Arts Plastiques, Esth\u00e9tique et Sciences de l\u2019art de l\u2019Universit\u00e9 Paris 1.Le projet scientifique de cette UMR se concentre autour de quatre dimensions interd\u00e9pendantes et articul\u00e9es : la cr\u00e9ation, la conceptualisation, la r\u00e9ception et la diffusion. Observatoire&hellip; <a class=\"more-link\" href=\"https:\/\/www.cultura21.net\/fr\/liens\/\">Continue reading <span class=\"screen-reader-text\">Liens nationaux<\/span><\/a><\/p>\n","protected":false},"author":136,"featured_media":0,"parent":0,"menu_order":0,"comment_status":"closed","ping_status":"closed","template":"","meta":{"footnotes":""},"_links":{"self":[{"href":"https:\/\/www.cultura21.net\/fr\/wp-json\/wp\/v2\/pages\/8848"}],"collection":[{"href":"https:\/\/www.cultura21.net\/fr\/wp-json\/wp\/v2\/pages"}],"about":[{"href":"https:\/\/www.cultura21.net\/fr\/wp-json\/wp\/v2\/types\/page"}],"author":[{"embeddable":true,"href":"https:\/\/www.cultura21.net\/fr\/wp-json\/wp\/v2\/users\/136"}],"replies":[{"embeddable":true,"href":"https:\/\/www.cultura21.net\/fr\/wp-json\/wp\/v2\/comments?post=8848"}],"version-history":[{"count":0,"href":"https:\/\/www.cultura21.net\/fr\/wp-json\/wp\/v2\/pages\/8848\/revisions"}],"wp:attachment":[{"href":"https:\/\/www.cultura21.net\/fr\/wp-json\/wp\/v2\/media?parent=8848"}],"curies":[{"name":"wp","href":"https:\/\/api.w.org\/{rel}","templated":true}]}}