{"id":880,"date":"2011-01-03T22:57:04","date_gmt":"2011-01-03T22:57:04","guid":{"rendered":"http:\/\/www.cultura21.net\/"},"modified":"2011-01-12T14:01:00","modified_gmt":"2011-01-12T14:01:00","slug":"les-cinq-ambitions","status":"publish","type":"page","link":"https:\/\/www.cultura21.net\/fr\/les-cinq-ambitions\/","title":{"rendered":"Les cinq ambitions"},"content":{"rendered":"<h2>La 1\u00e8re<\/h2>\n<p><em>Nous ne voulons pas susciter une r\u00e9volution brutale mais une \u00e9volution culturelle \u2013 et moins de \u201cd\u00e9veloppement\u201d.<\/em><\/p>\n<p>Une condition essentielle pour une telle \u00e9volution est la diversit\u00e9 culturelle. Nous ne croyons pas en l\u2019id\u00e9e d\u2019une \u201cmonoculture\u201d de la soutenabilit\u00e9 ou bien en celle d\u2019une \u201cmodernisation soutenable \u201d. Les structures d\u2019in\u00e9galit\u00e9 sociale, associ\u00e9es aux technologies (argent, m\u00e9dia de masse, etc), ainsi que les processus id\u00e9ologiques, inhibent la dynamique \u00e9volutive d\u2019une culture ouverte. Les \u00e9motions, la cr\u00e9ativit\u00e9, l\u2019apprentissage par l\u2019exp\u00e9rience, la libre communication et l\u2019\u00e9change d\u2019information, l\u2019esprit critique (notamment envers les processus institutionnels), la r\u00e9flexivit\u00e9, les dialogues inter- ou intra-culturels, participent tous \u00e0 promouvoir l\u2019\u00e9volution ouverte de la culture humaine.<\/p>\n<h2>La 2\u00e8me<\/h2>\n<p><em>Nous appelons \u00e0 l\u2019i<em>nvention et \u00e0 l\u2019usage de m\u00e9dia capables de faire prosp\u00e9rer une culture dite auto-\u00e9co-organisatrice. <\/em><\/em><\/p>\n<p>\u2018Le m\u00e9dium est aussi le message.\u2019 Le chemin par lui-m\u00eame fait partie du but \u00e0 atteindre. Aussi, dans le processus menant vers la soutenabilit\u00e9, il est n\u00e9cessaire de rechercher le dialogue \u2013 et non pas un monologue \u00e0 sens unique de Nord vers le Sud, d\u2019une \u00e9lite d\u2019experts vers la masse ou encore de la t\u00e9l\u00e9vision aux spectateurs. Quels m\u00e9dias sont dans la mesure de concurrencer les m\u00e9dia de masse qui dominent aujourd\u2019hui\u00a0? Cette question reste \u00e0 explorer.<\/p>\n<h2>La 3\u00e8me<\/h2>\n<p><em>Nous appelons \u00e0 l\u2019\u00e9mergence d\u2019un mod\u00e8le d\u2019\u00e9ducation transdisciplinaire, d\u2019apprentissage par l\u2019exp\u00e9rience, associant une transformation syst\u00e9mique de la rationalit\u00e9 \u00e0 une int\u00e9gration des aptitudes supra-rationnelles de l\u2019esp\u00e8ce humaine au quotidien. <\/em><\/p>\n<p>Les changements sociaux ne correspondent pas seulement \u00e0 des changements rationnels. Les \u00eatres humains ont aussi une forte vie \u00e9motionnelle. Nous devons donc en comprendre tous les \u201csubtilit\u00e9s\u201d, car les \u00eatres humains sont par nature ambivalents et difficilement r\u00e9ductibles \u00e0 certaines fonctions pr\u00e9\u00e9tablies. Tout ce qui est con\u00e7u de nos jours comme faisant partie des \u2018arts\u2019 peut jouer un r\u00f4le d\u00e9cisif pour mettre en sc\u00e8ne et faire partager toute sorte de processus \u00e9motionnels, ainsi que ces \u201csubtilit\u00e9s\u201d. Toutefois, la \u2018ghetto\u00efsation\u2019 des aptitudes supra-rationnelles de l\u2019\u00eatre humain au sein du domaine des arts ainsi que dans des aires pr\u00e9tendument laiss\u00e9es autonomes, n&#8217;offre qu&#8217;un faible espace de respiration vis-\u00e0-vis la culture dominante. Quel est donc le r\u00f4le des arts et des artistes pour une transformation de la soci\u00e9t\u00e9 vers des cultures soutenables\u00a0?<\/p>\n<h2>La 4\u00e8me<\/h2>\n<p><em>Nous faisons campagne pour un changement radical des paradigmes de la culture et de la science occidentales, afin de passer \u00e0 la pens\u00e9e syst\u00e9mique. <\/em><\/p>\n<p>La Nature forme notre environnement, et \u00e0 travers nos dialogues avec notre environnement (c\u2019est-\u00e0-dire l\u2019\u00e9cologie), nous avons d\u00e9couvert au cours du 20<sup>\u00e8me<\/sup> si\u00e8cle une nouvelle mani\u00e8re de concevoir l\u2019\u00e9conomie humaine. Les \u00e9cosyst\u00e8mes, les r\u00e9seaux sociaux et m\u00eame chaque cerveau partagent des structures semblables sur un plan syst\u00e9mique. Diff\u00e9rents syst\u00e8mes, \u00e0 diff\u00e9rents niveaux de la r\u00e9alit\u00e9, interagissent dans le cadre d\u2019un processus dynamique et complexe de changements. Nous devons repenser la r\u00e9alit\u00e9, en prenant en compte les dynamiques de co\u00e9volution ainsi que des points d\u2019ancrage interactifs. Il reste encore un long chemin \u00e0 parcourir pour appr\u00e9hender la r\u00e9alit\u00e9 avec ces yeux nouveaux et pouvoir ainsi reformuler les sciences telles que d\u00e9finies par l\u2019Occident.<\/p>\n<h2>La 5\u00e8me<\/h2>\n<p><em>Nous invitons: les acteurs de la soci\u00e9t\u00e9 civile, de la culture, de l\u2019\u00e9ducation, des arts, de la communication, des m\u00e9dias et les chercheurs en sciences sociales \u00e0 dialoguer avec nous \u00e0 travers cette plateforme internationale d\u2019\u00e9change et de recherche afin de \u00a0mettre en \u0153uvre un processus social et culturel menant vers un mod\u00e8le de soutenabilit\u00e9. <\/em><\/p>\n<p>Nous mettons en place un site internet \u00e0 cet \u00e9gard, et attendons avec int\u00e9r\u00eat vos commentaires et contributions vari\u00e9es !<\/p>\n","protected":false},"excerpt":{"rendered":"<p>La 1\u00e8re Nous ne voulons pas susciter une r\u00e9volution brutale mais une \u00e9volution culturelle \u2013 et moins de \u201cd\u00e9veloppement\u201d. Une condition essentielle pour une telle \u00e9volution est la diversit\u00e9 culturelle. Nous ne croyons pas en l\u2019id\u00e9e d\u2019une \u201cmonoculture\u201d de la soutenabilit\u00e9 ou bien en celle d\u2019une \u201cmodernisation soutenable \u201d. Les structures d\u2019in\u00e9galit\u00e9 sociale, associ\u00e9es aux&hellip; <a class=\"more-link\" href=\"https:\/\/www.cultura21.net\/fr\/les-cinq-ambitions\/\">Continue reading <span class=\"screen-reader-text\">Les cinq ambitions<\/span><\/a><\/p>\n","protected":false},"author":15,"featured_media":0,"parent":0,"menu_order":2,"comment_status":"closed","ping_status":"closed","template":"","meta":{"footnotes":""},"_links":{"self":[{"href":"https:\/\/www.cultura21.net\/fr\/wp-json\/wp\/v2\/pages\/880"}],"collection":[{"href":"https:\/\/www.cultura21.net\/fr\/wp-json\/wp\/v2\/pages"}],"about":[{"href":"https:\/\/www.cultura21.net\/fr\/wp-json\/wp\/v2\/types\/page"}],"author":[{"embeddable":true,"href":"https:\/\/www.cultura21.net\/fr\/wp-json\/wp\/v2\/users\/15"}],"replies":[{"embeddable":true,"href":"https:\/\/www.cultura21.net\/fr\/wp-json\/wp\/v2\/comments?post=880"}],"version-history":[{"count":0,"href":"https:\/\/www.cultura21.net\/fr\/wp-json\/wp\/v2\/pages\/880\/revisions"}],"wp:attachment":[{"href":"https:\/\/www.cultura21.net\/fr\/wp-json\/wp\/v2\/media?parent=880"}],"curies":[{"name":"wp","href":"https:\/\/api.w.org\/{rel}","templated":true}]}}