{"id":8855,"date":"2014-01-17T14:26:26","date_gmt":"2014-01-17T13:26:26","guid":{"rendered":"http:\/\/www.cultura21.net\/?page_id=8855"},"modified":"2014-01-17T14:26:26","modified_gmt":"2014-01-17T13:26:26","slug":"vinculos","status":"publish","type":"page","link":"https:\/\/www.cultura21.net\/es\/vinculos\/","title":{"rendered":"Vinculos"},"content":{"rendered":"<h3>INTERLOCAL (America Latina )<\/h3>\n<p><img loading=\"lazy\" decoding=\"async\" class=\" wp-image-8856 alignleft\" alt=\"interlocal\" src=\"http:\/\/www.cultura21.net\/wp-content\/uploads\/2013\/06\/interlocal.gif\" width=\"152\" height=\"120\" \/>INTERLOCAL es una red de ciudades iberoamericanas, que surge ante necesidad de intercambiar experiencias y modalidades de gesti\u00f3n cultural territorial de cara a las complejidades que la cultura presenta en la actualidad en las urbes de la regi\u00f3n. Esta red acoge la Agenda XXI de la Cultura como eje rector de sus pol\u00edticas culturales locales y promueve el desarrollo de una agenda de integraci\u00f3n de las pol\u00edticas culturales a nivel regional pero enfocada desde la perspectiva local &#8211; municipal.<\/p>\n","protected":false},"excerpt":{"rendered":"<p>INTERLOCAL (America Latina ) INTERLOCAL es una red de ciudades iberoamericanas, que surge ante necesidad de intercambiar experiencias y modalidades de gesti\u00f3n cultural territorial de cara a las complejidades que la cultura presenta en la actualidad en las urbes de la regi\u00f3n. Esta red acoge la Agenda XXI de la Cultura como eje rector de&hellip; <a class=\"more-link\" href=\"https:\/\/www.cultura21.net\/es\/vinculos\/\">Continue reading <span class=\"screen-reader-text\">Vinculos<\/span><\/a><\/p>\n","protected":false},"author":136,"featured_media":0,"parent":0,"menu_order":0,"comment_status":"closed","ping_status":"closed","template":"","meta":{"footnotes":""},"_links":{"self":[{"href":"https:\/\/www.cultura21.net\/es\/wp-json\/wp\/v2\/pages\/8855"}],"collection":[{"href":"https:\/\/www.cultura21.net\/es\/wp-json\/wp\/v2\/pages"}],"about":[{"href":"https:\/\/www.cultura21.net\/es\/wp-json\/wp\/v2\/types\/page"}],"author":[{"embeddable":true,"href":"https:\/\/www.cultura21.net\/es\/wp-json\/wp\/v2\/users\/136"}],"replies":[{"embeddable":true,"href":"https:\/\/www.cultura21.net\/es\/wp-json\/wp\/v2\/comments?post=8855"}],"version-history":[{"count":0,"href":"https:\/\/www.cultura21.net\/es\/wp-json\/wp\/v2\/pages\/8855\/revisions"}],"wp:attachment":[{"href":"https:\/\/www.cultura21.net\/es\/wp-json\/wp\/v2\/media?parent=8855"}],"curies":[{"name":"wp","href":"https:\/\/api.w.org\/{rel}","templated":true}]}}