{"id":799,"date":"2010-12-14T01:18:26","date_gmt":"2010-12-14T01:18:26","guid":{"rendered":"http:\/\/www.cultura21.net\/"},"modified":"2014-01-17T14:21:29","modified_gmt":"2014-01-17T13:21:29","slug":"conceptos","status":"publish","type":"page","link":"https:\/\/www.cultura21.net\/es\/conceptos\/","title":{"rendered":"Conceptos e ideas detr\u00e1s de C21M\u00e9x"},"content":{"rendered":"<p>C21M\u00c9X (Cultura21 Mexico) se basa en el concepto de arte como una fuerza creativa y liberadora. Una persona clave en este concepto de arte es el artista alem\u00e1n Joseph Beuys, quien fue un innovador del arte y tambi\u00e9n fue un ambientalista. En 1982, durante la Exposici\u00f3n de Arte \u201cDocumenta 7\u201d en la ciudad de Kassel, Alemania plant\u00f3 7000 \u00e1rboles en el centro de la ciudad. El proyecto tuvo un fuerte significado simb\u00f3lico al mostrar el poder de las acciones creativas y art\u00edsticas como una fuerza de la imaginaci\u00f3n y del cambio. El proyecto de los 7000 Robles sent\u00f3 precedentes en el desarrollo de una pr\u00e1ctica art\u00edstica que trabaja con las denominadas intervenciones socio-culturales, que son acciones art\u00edsticas concretas que buscan mejorar las condiciones de vida de las personas y estimular la reflexi\u00f3n y liberaci\u00f3n.<\/p>\n<p>En aquella \u00e9poca, los movimientos art\u00edsticos clave fueron la \u201cEscultura Social\u201d y \u201cFluxus\u201d. Actualmente artistas colectivos de arte reconocidos y respetados que llevan acabo esta pr\u00e1ctica son los colectivos austriacos \u201cWochenklausur\u201d, los artistas brasile\u00f1os Chepa Ferro (Gambiarra) y Augusto Boal (Teatro do Oprimido), el colectivo de arte holand\u00e9s \u201cAtelier van Lieshout\u201d o el de arte mexicano \u201cYonke Art\u201d, con base en Tijuana.<\/p>\n","protected":false},"excerpt":{"rendered":"<p>C21M\u00c9X (Cultura21 Mexico) se basa en el concepto de arte como una fuerza creativa y liberadora. Una persona clave en este concepto de arte es el artista alem\u00e1n Joseph Beuys, quien fue un innovador del arte y tambi\u00e9n fue un ambientalista. En 1982, durante la Exposici\u00f3n de Arte \u201cDocumenta 7\u201d en la ciudad de Kassel,&hellip; <a class=\"more-link\" href=\"https:\/\/www.cultura21.net\/es\/conceptos\/\">Continue reading <span class=\"screen-reader-text\">Conceptos e ideas detr\u00e1s de C21M\u00e9x<\/span><\/a><\/p>\n","protected":false},"author":11,"featured_media":0,"parent":0,"menu_order":1,"comment_status":"closed","ping_status":"closed","template":"page-templates\/full-width.php","meta":{"footnotes":""},"_links":{"self":[{"href":"https:\/\/www.cultura21.net\/es\/wp-json\/wp\/v2\/pages\/799"}],"collection":[{"href":"https:\/\/www.cultura21.net\/es\/wp-json\/wp\/v2\/pages"}],"about":[{"href":"https:\/\/www.cultura21.net\/es\/wp-json\/wp\/v2\/types\/page"}],"author":[{"embeddable":true,"href":"https:\/\/www.cultura21.net\/es\/wp-json\/wp\/v2\/users\/11"}],"replies":[{"embeddable":true,"href":"https:\/\/www.cultura21.net\/es\/wp-json\/wp\/v2\/comments?post=799"}],"version-history":[{"count":0,"href":"https:\/\/www.cultura21.net\/es\/wp-json\/wp\/v2\/pages\/799\/revisions"}],"wp:attachment":[{"href":"https:\/\/www.cultura21.net\/es\/wp-json\/wp\/v2\/media?parent=799"}],"curies":[{"name":"wp","href":"https:\/\/api.w.org\/{rel}","templated":true}]}}