{"id":44,"date":"2010-11-19T10:25:52","date_gmt":"2010-11-19T10:25:52","guid":{"rendered":"http:\/\/www.cultura21.net\/"},"modified":"2024-04-02T10:46:19","modified_gmt":"2024-04-02T08:46:19","slug":"acerca-de-la-red","status":"publish","type":"page","link":"https:\/\/www.cultura21.net\/es\/acerca-de-la-red\/","title":{"rendered":"Acerca de la red"},"content":{"rendered":"\n<h2 class=\"wp-block-heading\">\u00bfC\u00f3mo navegar el portal de las noticias en l\u00ednea de Cultura21?<\/h2>\n\n\n\n<p>Para encontrar nuestra selecci\u00f3n de noticias de todas partes del mundo sobre arte, cultura y sustentabilidad que actualizamos peri\u00f3dicamente, tienes que visitar la secci\u00f3n &#8220;<a title=\"Blog-es\" href=\"https:\/\/www.cultura21.net\/es\/blog-es\/\">blog<\/a>&#8221; en nuestra p\u00e1gina web. Para saber m\u00e1s en espec\u00edfico acerca de nuestras propias actividades y nuevas acciones como Cultura21, tienes que consultar la secci\u00f3n de mensajes &#8220;<a href=\"https:\/\/www.cultura21.net\/es\/category\/cultura21-noticias\/\">C21 Noticias<\/a>\u201d.<\/p>\n\n\n\n<p>Para encontrar todas las noticias (las de Cultura21 y las de todo el mundo) en este sitio web, es necesario revisar el blog &#8221; Novedades Cultura21\u201d as\u00ed como los otros \u201cblogs\u201d en los diferentes idiomas disponibles. Existe mucha informaci\u00f3n en ingl\u00e9s, alem\u00e1n y franc\u00e9s mientras que hay poca en espa\u00f1ol!<\/p>\n\n\n\n<h2 class=\"wp-block-heading\">Que es Cultura21 ?<\/h2>\n\n\n\n<p>Cultura21 es una plataforma que sirve como base para la promoci\u00f3n y evoluci\u00f3n cultural de las sociedades y estilos de vida, con objeto de contribuir a la sustentabilidad. Para Cultura21 \u2018sustentabilidad\u2019 es m\u00e1s que \u2018ambiente\u2019. Expresa la estrecha conexi\u00f3n entre la justicia social, la paz, la democracia, la autodeterminaci\u00f3n y la ecolog\u00eda para construir la sustentabilidad y una mejor calidad de vida.<\/p>\n\n\n\n<p>Cultura21 quiere contribuir a una sociedad m\u00e1s sustentable con estrategias a trav\u00e9s de los medios, las artes, la educaci\u00f3n y comunicaci\u00f3n. Adem\u00e1s Cultura21 busca la promoci\u00f3n de la diversidad cultural por medio del trabajo con diferentes culturas que presentan otras influencias diferentes a la cultura americana dominante. Espec\u00edficamente, Cultura21 quiere funcionar como una plataforma ofreciendo oportunidades para que los artistas creen escultura art\u00edstica social y \u201cespacios imaginarios\u201d o para desarrollar intervenciones socio-art\u00edsticas.<\/p>\n\n\n\n<p>Cultura21 se fund\u00f3 en Alemania por Davide Brocchi en 2005. En abril de 2007 se estableci\u00f3 Cultura21 Internacional. En la actualidad la red cuenta con miembros en Alemania, Chile, Dinamarca, los Estados Unidos, Francia, Inglaterra, Italia, M\u00e9xico y Sud\u00e1frica. El objetivo de la red internacional es intercambiar informaci\u00f3n e ideas inspiradoras, as\u00ed como organizar actividades en conjunto.<\/p>\n\n\n\n<h2 class=\"wp-block-heading\">C21M\u00c9X: Objetivo<\/h2>\n\n\n\n<p>21M\u00c9X se estableci\u00f3 en Agosto de 2007 en la Ciudad de M\u00e9xico con el prop\u00f3sito de promocionar una evoluci\u00f3n cultural en la sociedad mexicana y en sus estilos de vida, hacia una sustentabilidad. Al adoptar este objetivo, C21M\u00c9X adapta la estrategia general de Cultura21 a la situaci\u00f3n y circunstancia espec\u00edficas de M\u00e9xico y la Ciudad de M\u00e9xico. Nuestra organizaci\u00f3n quiere trabajar con artistas para realizar eventos culturales, exposiciones, teatro, m\u00fasica y danza, todo en el contexto descrito anteriormente. Queremos trabajar con artistas, los medios y con educadores para organizar talleres donde se comparta y comunique la idea de sustentabilidad y c\u00f3mo \u00e9sta puede convertirse en parte de nuestra vida d\u00eda a d\u00eda. Las actividades con las que se alcanzar\u00e1n los objetivos son:<\/p>\n\n\n\n<p>\u2022 La organizaci\u00f3n de eventos culturales, trabajando con cinematograf\u00eda, exhibiciones de arte, eventos, teatro, m\u00fasica y baile.<br>\u2022 Realizar talleres con diferentes grupos objetivo para compartir y comunicar la idea de sustentabilidad y c\u00f3mo \u00e9sta puede ser incorporada en la sociedad mexicana en el d\u00eda a d\u00eda.<br>\u2022 Estimular la investigaci\u00f3n dentro de eventos culturales y talleres al promover la evoluci\u00f3n cultural de la sociedad mexicana y los estilos de vida de los mismos en busca de la sustentabilidad.<br>\u2022 Realizar actividades de consultor\u00eda para orientar a organismos del sector p\u00fablico y privado, as\u00ed como miembros de la comunidad mexicana.<\/p>\n\n\n\n<h2 class=\"wp-block-heading\">El comit\u00e9 ejecutivo de Cultura21 M\u00e9xico<\/h2>\n\n\n\n<p>El comit\u00e9 ejecutivo de C21M\u00c9X est\u00e1 conformado por 3 miembros:<\/p>\n\n\n\n<p><strong>HANS DIELEMAN, fundador<\/strong><\/p>\n\n\n\n<p>El Dr. Hans Dieleman es de nacionalidad holandesa y vive en la Ciudad de M\u00e9xico. Es profesor en la Academia de Educaci\u00f3n Ambiental de la Universidad Aut\u00f3noma de la Ciudad de M\u00e9xico, tambi\u00e9n es miembro del cuerpo acad\u00e9mico de la facultad de Ciencias Sociales de la Universidad Erasmus de Rotterdam, Pa\u00edses Bajos. Ha sido profesor visitante en la Universidad Dauphine en Paris en Francia y en la Universidad Aut\u00f3noma Metropolitana en la Ciudad de M\u00e9xico. Es soci\u00f3logo del arte y sustentabilidad, tiene una maestr\u00eda en sociolog\u00eda te\u00f3rica y un doctorado en sociolog\u00eda de conocimiento.<\/p>\n\n\n\n<p>\u00c9l trabaj\u00f3 extensamente con teor\u00edas acerca de la construcci\u00f3n social de la realidad, y con teor\u00edas de ense\u00f1anza, innovaci\u00f3n y cambio social. Desde el a\u00f1o 2000 el trabaja en el campo de \u201cArte y Sustentabilidad\u201d. Su educaci\u00f3n e investigaci\u00f3n se tratan del arte como un lenguaje y una manera de ver la realidad, asimismo como una manera de estimular procesos de cambio social. Ha organizando varios eventos como exhibiciones, talleres y fiestas conceptuales en Rotterdam (Paises Bajos), Bangkok (Tailandia), Lund (Suecia), Distrito Federal y Monterey (M\u00e9xico) y Venecia (Italia).<\/p>\n\n\n\n<p><strong>MAURO MANSUY<\/strong><\/p>\n\n\n\n<p>Nacido en Santiago de Chile (1962), Bi\u00f3logo y ambientalista, miembro de la Red de Formaci\u00f3n Ambiental para Am\u00e9rica Latina y el Caribe del PNUMA, vinculado al tema del cuidado, protecci\u00f3n y conservaci\u00f3n del medio ambiente desde hace varios a\u00f1os. Ha sido profesor universitario de materias como \u201crecursos naturales (en particular, recursos hidrol\u00f3gicos)\u201d, \u201csalud ambiental\u201d, \u201cecolog\u00eda\u201d, encontr\u00f3 en el campo de la Educaci\u00f3n Ambiental y del Pensamiento Ambiental Latinoamericano una forma de construir una nueva visi\u00f3n de nuestro mundo, y del entorno particular de las sociedades, m\u00e1s sustentable.<\/p>\n\n\n\n<p>Considera a la cultura, a trav\u00e9s de sus diferentes manifestaciones (vista aqu\u00e9lla desde la perspectiva de la creaci\u00f3n art\u00edstica m\u00e1s pura, la que tiene algo que decir, la que busca comunicar desde lo m\u00e1s profundo del ser, de su experiencia y de su entorno, la que es cr\u00edtica e innovadora) como un camino a transitar en la b\u00fasqueda de la sensibilizaci\u00f3n necesaria de las sociedades y sus grupos componentes; en particular la m\u00fasica y el canto, sobre todo los que ponen a la vida, en cualquiera de sus manifestaciones, por encima de cualquier otra consideraci\u00f3n utilitarista y consumista a mansalva. Fue miembro de grupos musicales y de teatro independiente e incursion\u00f3 en la literatura a trav\u00e9s de la poes\u00eda, todo de manera amateur.<\/p>\n\n\n\n<p>Parte de su visi\u00f3n del mundo y de la vida se puede resumir en una frase de una canci\u00f3n del compositor y m\u00fasico chileno Patricio Manns, \u201cCanto de los ca\u00eddos\u201d, interpretada por el grupo, tambi\u00e9n chileno, Inti Illimani: \u201cEl pan antes que trigo es mano que siembra\u2026\u201d<\/p>\n\n\n\n<p><strong>ALAN X. GOMEZ HERNANDEZ<\/strong><\/p>\n\n\n\n<p>Alan X. G\u00f3mez, estudi\u00f3 la carrera de Ingenier\u00eda Ambiental en la Universidad Aut\u00f3noma Metropolitana, Unidad Azcapotzalco (UAM-A). Durante sus estudios realiz\u00f3 su proyecto de investigaci\u00f3n y tesis sobre el desarrollo de biopel\u00edculas en soportes cer\u00e1micos usados para biofiltraci\u00f3n de compuestos org\u00e1nicos vol\u00e1tiles provenientes de extracci\u00f3n de vapores de suelo. Se ha capacitado en diversos campos como son Liderazgo y Planeaci\u00f3n Estrat\u00e9gica, Desarrollo Sustentable, Producci\u00f3n m\u00e1s Limpia y Consumo Sustentable e ISO 14000.<\/p>\n\n\n\n<p>Durante su experiencia profesional ha participado en proyectos de la iniciativa privada enfocados a la prevenci\u00f3n, minimizaci\u00f3n, tratamiento de agua y residuos s\u00f3lidos. En el sector p\u00fablico se ha desarrollado en las \u00e1reas de gesti\u00f3n ambiental y educaci\u00f3n para el desarrollo sustentable. Desde agosto de 2007 colabora en el Centro Mario Molina para Estudios Estrat\u00e9gicos sobre Energ\u00eda y Medio Ambiente, para proyectos de las \u00e1reas de Calidad del Aire y Cambio clim\u00e1tico.<\/p>\n\n\n\n<h4 class=\"wp-block-heading\">Contacto<\/h4>\n\n\n\n<address>Hans Dieleman<br>Mexiko Stadt<br>Correo: hansdieleman (at) gmail.com<\/address>\n","protected":false},"excerpt":{"rendered":"<p>\u00bfC\u00f3mo navegar el portal de las noticias en l\u00ednea de Cultura21? Para encontrar nuestra selecci\u00f3n de noticias de todas partes del mundo sobre arte, cultura y sustentabilidad que actualizamos peri\u00f3dicamente, tienes que visitar la secci\u00f3n &#8220;blog&#8221; en nuestra p\u00e1gina web. Para saber m\u00e1s en espec\u00edfico acerca de nuestras propias actividades y nuevas acciones como Cultura21,&hellip; <a class=\"more-link\" href=\"https:\/\/www.cultura21.net\/es\/acerca-de-la-red\/\">Continue reading <span class=\"screen-reader-text\">Acerca de la red<\/span><\/a><\/p>\n","protected":false},"author":4,"featured_media":0,"parent":0,"menu_order":1,"comment_status":"closed","ping_status":"closed","template":"","meta":{"footnotes":""},"_links":{"self":[{"href":"https:\/\/www.cultura21.net\/es\/wp-json\/wp\/v2\/pages\/44"}],"collection":[{"href":"https:\/\/www.cultura21.net\/es\/wp-json\/wp\/v2\/pages"}],"about":[{"href":"https:\/\/www.cultura21.net\/es\/wp-json\/wp\/v2\/types\/page"}],"author":[{"embeddable":true,"href":"https:\/\/www.cultura21.net\/es\/wp-json\/wp\/v2\/users\/4"}],"replies":[{"embeddable":true,"href":"https:\/\/www.cultura21.net\/es\/wp-json\/wp\/v2\/comments?post=44"}],"version-history":[{"count":3,"href":"https:\/\/www.cultura21.net\/es\/wp-json\/wp\/v2\/pages\/44\/revisions"}],"predecessor-version":[{"id":15989,"href":"https:\/\/www.cultura21.net\/es\/wp-json\/wp\/v2\/pages\/44\/revisions\/15989"}],"wp:attachment":[{"href":"https:\/\/www.cultura21.net\/es\/wp-json\/wp\/v2\/media?parent=44"}],"curies":[{"name":"wp","href":"https:\/\/api.w.org\/{rel}","templated":true}]}}