{"id":968,"date":"2011-01-12T14:12:00","date_gmt":"2011-01-12T14:12:00","guid":{"rendered":"http:\/\/www.cultura21.net\/"},"modified":"2014-09-29T13:58:31","modified_gmt":"2014-09-29T11:58:31","slug":"mitglied-werden","status":"publish","type":"page","link":"https:\/\/www.cultura21.net\/de\/mitglied-werden\/","title":{"rendered":"Mitglied werden im Verein"},"content":{"rendered":"<p>Sie m\u00f6chten Mitglied werden? Dar\u00fcber freuen wir uns sehr. Bitte f\u00fcllen Sie das Formular aus und Sie erhalten eine Mitgliedsbescheinigung. Daten wie Bankdaten werden in einer pers\u00f6nlichen E-Mail abgefragt und nicht \u00fcber dieses Formular.<\/p>\n<h3>Beitr\u00e4ge<\/h3>\n<ul>\n<li>Studierende, Arbeitslose, aktive Mitglieder von Cultura21:\u00a0mind. 2\u20ac pro Monat (24\u20ac)<\/li>\n<li>Normalbetrag: mind. 4\u20ac pro Monat (48\u20ac)<\/li>\n<li>Institutionen: mind. 8\u20ac pro Monat (94\u20ac)<\/li>\n<\/ul>\n<p><!--cforms name=\"Mitgliedsantrag\"--><\/p>\n<h2>Der Verein Institut Cultura21 e.V.<\/h2>\n<p>Das Institut Cultura21 e.V. bildet den inhaltlichen Raum der Plattform. Es ist ein gemeinn\u00fctziger eingetragener Verein. Mit seinem trans-, interdisziplin\u00e4ren und interkulturellen Ansatz unterst\u00fctzt und ber\u00e4t das Institut die anderen Einrichtungen sowie Dritte. Hier werden die Analysen, die Visionen und die Strategien von Cultura21 erforscht, diskutiert, erprobt und weiterentwickelt. Das Institut besch\u00e4ftigt sich mit Fragen wie: Was verhindert die Umsetzung von bew\u00e4hrten L\u00f6sungen in der Gesellschaft?Warum ist das Umweltbewusstsein gesunken, obwohl sich soziale und \u00f6kologische Probleme versch\u00e4rft haben? Wie kann ein enger Austausch zwischen K\u00fcnsten und Wissenschaften zur Sustainability beitragen?<\/p>\n<p>Wie kann eine Bewegung f\u00fcr eine sozial-\u00f6kologische Entwicklung konkret aussehen? Wie kann eine Wiederholung bereits gescheiterter Erfahrungen, die mit ebenso viel Ideal und Elan begonnen hatten, vermieden werden?<\/p>\n<p>Die Ergebnisse dieser Arbeit werden in den anderen Einrichtungen von Cultura21 praktisch umgesetzt. Das Institut bietet dem Netzwerk einen Raum f\u00fcr Kommunikation, f\u00fcr Weiterbildung und Wissenstransfer zwischen den verschiedenen Bereichen und Disziplinen.<\/p>\n","protected":false},"excerpt":{"rendered":"<p>Sie m\u00f6chten Mitglied werden? Dar\u00fcber freuen wir uns sehr. Bitte f\u00fcllen Sie das Formular aus und Sie erhalten eine Mitgliedsbescheinigung. Daten wie Bankdaten werden in einer pers\u00f6nlichen E-Mail abgefragt und nicht \u00fcber dieses Formular. Beitr\u00e4ge Studierende, Arbeitslose, aktive Mitglieder von Cultura21:\u00a0mind. 2\u20ac pro Monat (24\u20ac) Normalbetrag: mind. 4\u20ac pro Monat (48\u20ac) Institutionen: mind. 8\u20ac pro&hellip; <a class=\"more-link\" href=\"https:\/\/www.cultura21.net\/de\/mitglied-werden\/\"><span class=\"screen-reader-text\">Mitglied werden im Verein<\/span> weiterlesen<\/a><\/p>\n","protected":false},"author":4,"featured_media":0,"parent":0,"menu_order":0,"comment_status":"closed","ping_status":"closed","template":"","meta":{"footnotes":""},"_links":{"self":[{"href":"https:\/\/www.cultura21.net\/de\/wp-json\/wp\/v2\/pages\/968"}],"collection":[{"href":"https:\/\/www.cultura21.net\/de\/wp-json\/wp\/v2\/pages"}],"about":[{"href":"https:\/\/www.cultura21.net\/de\/wp-json\/wp\/v2\/types\/page"}],"author":[{"embeddable":true,"href":"https:\/\/www.cultura21.net\/de\/wp-json\/wp\/v2\/users\/4"}],"replies":[{"embeddable":true,"href":"https:\/\/www.cultura21.net\/de\/wp-json\/wp\/v2\/comments?post=968"}],"version-history":[{"count":2,"href":"https:\/\/www.cultura21.net\/de\/wp-json\/wp\/v2\/pages\/968\/revisions"}],"predecessor-version":[{"id":10854,"href":"https:\/\/www.cultura21.net\/de\/wp-json\/wp\/v2\/pages\/968\/revisions\/10854"}],"wp:attachment":[{"href":"https:\/\/www.cultura21.net\/de\/wp-json\/wp\/v2\/media?parent=968"}],"curies":[{"name":"wp","href":"https:\/\/api.w.org\/{rel}","templated":true}]}}