{"id":454,"date":"2011-02-11T09:47:26","date_gmt":"2011-02-11T09:47:26","guid":{"rendered":"http:\/\/www.cultura21.net\/"},"modified":"2014-01-17T13:50:31","modified_gmt":"2014-01-17T12:50:31","slug":"ziele","status":"publish","type":"page","link":"https:\/\/www.cultura21.net\/de\/ziele\/","title":{"rendered":"Ziele"},"content":{"rendered":"<h3><span style=\"font-size: 24px; line-height: 1;\">Inhaltliche Ziele<\/span><\/h3>\n<p>Die inhaltlichen Ziele betreffen die Botschaft und die Ergebnisse der Aktivit\u00e4ten. Sie bilden die selektiven und qualitativen Kriterien von Cultura21 und vermeiden damit die Gefahr der Beliebigkeit.<\/p>\n<p>Der\u00a0\u00f6kologischen Dimension\u00a0kommt bei Cultura21 ein hoher Stellenwert zu: Nach der 2007er-Studie des Intergovernmental Panel on Climate Change (IPCC) muss die Menschheit bis 2020 eine Trendwende schaffen, sonst wird die Klimakatastrophe unumkehrbar sein. Die Achtung der biophysischen Grenzen des Planeten wird dabei entscheidend sein, egal ob die technologische Effizienz daf\u00fcr ausreicht oder Verzicht ausge\u00fcbt werden muss. Neben dem Ausstieg aus den fossilen Energietr\u00e4gern und drastischen Energieeinsparungen ist ein Stopp des Bev\u00f6lkerungswachstums und der Zerst\u00f6rung von Naturr\u00e4umen notwendig.<\/p>\n<p>Soziale Gerechtigkeit\u00a0ist die erste Voraussetzung f\u00fcr die friedliche und demokratische \u00dcberwindung der \u00f6kologischen Krise. Ohne Gerechtigkeit werden die sozial-\u00f6kologischen Kosten der Entwicklung weiter \u201eexternalisiert\u201c, w\u00e4hrend die politisch einflussreichen Eliten auf gesch\u00fctzten Wohlstandinseln leben, weit weg von der Wirklichkeit der Krise. Nicht die Symptome, sondern die strukturellen Ursachen der innenpolitischen und au\u00dfenpolitischen Konflikte sollten bek\u00e4mpft werden.<\/p>\n<h3>Eine sozial-\u00f6kologische Wirtschaft<\/h3>\n<p>Eine sozial-\u00f6kologische Wirtschaft ist die Voraussetzung f\u00fcr soziale Gerechtigkeit und f\u00fcr die \u00dcberwindung der \u00f6kologischen Krise. Die Wirklichkeit der Wirtschaft ist nicht nur jene der Finanzm\u00e4rkte. Eine sozial-\u00f6kologische Wirtschaft richtet sich nicht an private Profitmaximierung. Geld ist kein erstrebenswertes Handlungsziel, sondern (urspr\u00fcnglich) ein gutes Handlungsmittel. Eine sozial-\u00f6kologische Wirtschaft bildet geschlossene Kreisl\u00e4ufe anstelle eines linearen zerst\u00f6rerischen Wachstums. Ihre Zeitrhythmen passen sich den biologischen Reproduktionszyklen an. R\u00e4umlich bevorzugt sie eine Regionalisierung anstelle der Globalisierung, die sehr energie- und ressourcenverschwenderisch ist. Diese Regionalisierung bringt Hersteller und Verbraucher wieder n\u00e4her.<\/p>\n<h3>Cultura21 betrachtet diese Ziele systemisch und als notwendig<\/h3>\n<p>Sie bedeuten eine strukturelle Umstellung des Systems &#8211; keine einfache Korrektur. Man muss deshalb mit politischen, sozialen und psychologischen Hindernissen rechnen, denn der Verzicht auf Privilegien, die Trennung von Gewohnheiten und von einer vorget\u00e4uschten Ordnung sowie die Umverteilung von Macht und Reichtum werden voraussichtlich nicht leicht fallen. Keine effiziente Technologie und kein neues Besteuerungssystem wird dabei wirklich helfen k\u00f6nnen.<\/p>\n<h3>Cultura21 betrachtet seine inhaltlichen Ziele als kulturelle Ziele<\/h3>\n<p>Dabei geht es um den Abschied von kognitiven Konstrukten und um die Entwicklung neuer Visionen; um ein Umdenken und um einen Wertewandel; um neue Lebensstile und -einstellungen; um ein neues Verst\u00e4ndnis von Arbeit und Zeit; um die F\u00e4higkeit zu teilen und zu kooperieren; um Umweltwahrnehmung, Kulturbewusstsein und soziale Koh\u00e4sion.<br \/>\nCultura21 m\u00f6chte nicht nur Botschaften und Alternativen vermitteln, sondern versteht sich auch als Labor f\u00fcr ihre Weiterentwicklung und praktische Umsetzung.<\/p>\n<p><a id=\"komm\"><\/a><a href=\"http:\/\/www.cultura21.de\/leitidee\/ziele.html#top\">\u00bbZum Seitenanfang<\/a><\/p>\n<h2>Kommunikationsziele<\/h2>\n<p>Diese inhaltlichen Ziele k\u00f6nnen nur in Verbindung mit Kommunikationszielen realisiert werden. Sie betreffen den Entwicklungsprozess und die Medien, die F\u00f6rderung der kreativen Partizipation und der offenen Diskussion, die gegenseitige Bereicherung der Unterschiede und die Synergiebildung.<\/p>\n<h3>Bildung und die F\u00f6rderung einer kulturellen Bewegung<\/h3>\n<p>Das erste Kommunikationsziel von Cultura21 ist die Bildung und die F\u00f6rderung einer kulturellen Bewegung f\u00fcr die sozial-\u00f6kologische Entwicklung. Auch die besten inhaltlichen Ziele sind unwirksam, wenn sie keine sozialen Tr\u00e4ger finden. Die Kultur bietet eine Freiheit, Offenheit, Tiefe und Kreativit\u00e4t, die in der Politik immer mehr vermisst werden.<\/p>\n<h3>Demokratische Partizipation<\/h3>\n<p>Demokratische Partizipation hei\u00dft nicht, vorgegebene Programme zu unterst\u00fctzen, sondern diese Programme mitzugestalten, im Sinne einerSelbstregierung. In diesem Zusammenhang wird bei Cultura21 eine zentrale Frage gestellt: Welche Kommunikations- und Organisationsformen k\u00f6nnen Aspekte wie Lokal und Global, Vielfalt und Gemeinsamkeit, Autonomie und Einheit, Selbstbestimmung und Zusammenarbeit, Individuum und Gruppe, Freiheit und Verantwortung am besten verbinden?<\/p>\n<p>Da auch \u00bbdas Medium die Botschaft ist\u00ab, definiert sich eine sozial-\u00f6kologische Entwicklung wom\u00f6glich durch andere Medien, Kommunikations- und Organisationsformen.<\/p>\n<h3>Cultura21 engagiert sich<\/h3>\n<p>Cultura21 setzt sich f\u00fcr eine kulturelle Qualit\u00e4t und eine gesellschaftliche Verantwortung in Medien, Wissenschaften, Bildung und K\u00fcnsten ein. Dabei wird eine st\u00e4rkere Unabh\u00e4ngigkeit vor dem Status quo erstrebt. Nur dort wo die Information kritisch und frei ist, werden die Menschen mit Wirklichkeit und Alternativen konfrontiert. Nur dort wo eine Autonomie und eine Selbstbestimmung m\u00f6glich sind, k\u00f6nnen Alternativen entstehen.<\/p>\n<p>&nbsp;<\/p>\n<p><a href=\"http:\/\/www.cultura21.de\/leitidee\/ziele.html#top\">\u00bbZum Seitenanfang<\/a><\/p>\n<h2>Der Begriff der kulturellen Evolution<\/h2>\n<p>Durch den Begriff der kulturellen Evolution wird die Untrennbarkeit von inhaltlichen Zielen (Ergebnissen) und Kommunikationszielen (Prozessen) ausgedr\u00fcckt. Cultura21 m\u00f6chte nicht eine alte Ideologie durch eine neue ersetzen, sondern die kulturelle Dynamik f\u00f6rdern, das hei\u00dft die Toleranz, die Kreativit\u00e4t, die Lernf\u00e4higkeit, das Vertrauen und die interkulturelle Kommunikation. Es sind genau die Aspekte, die von jeder Ideologie bek\u00e4mpft werden, weil sie eine get\u00e4uschte Ordnung, Sicherheit und Legitimation gef\u00e4hrden. Bei der Wahrnehmung des Fremden und der Umwelt geht es um dieselbe Denkstruktur.<br \/>\nKulturelle Evolution bedeutet auch, dass das Neue nicht \u201eerfunden\u201c werden muss: Es entsteht aus der freien Selbstentfaltung der kulturellen und biologischen Vielfalt sowie der Kreativit\u00e4t und den Gef\u00fchlen jedes einzelnen Menschen, der immer einzigartig und dessen Perspektive begrenzt ist.<\/p>\n","protected":false},"excerpt":{"rendered":"<p>Inhaltliche Ziele Die inhaltlichen Ziele betreffen die Botschaft und die Ergebnisse der Aktivit\u00e4ten. Sie bilden die selektiven und qualitativen Kriterien von Cultura21 und vermeiden damit die Gefahr der Beliebigkeit. Der\u00a0\u00f6kologischen Dimension\u00a0kommt bei Cultura21 ein hoher Stellenwert zu: Nach der 2007er-Studie des Intergovernmental Panel on Climate Change (IPCC) muss die Menschheit bis 2020 eine Trendwende schaffen,&hellip; <a class=\"more-link\" href=\"https:\/\/www.cultura21.net\/de\/ziele\/\"><span class=\"screen-reader-text\">Ziele<\/span> weiterlesen<\/a><\/p>\n","protected":false},"author":14,"featured_media":0,"parent":0,"menu_order":4,"comment_status":"closed","ping_status":"closed","template":"","meta":{"footnotes":""},"_links":{"self":[{"href":"https:\/\/www.cultura21.net\/de\/wp-json\/wp\/v2\/pages\/454"}],"collection":[{"href":"https:\/\/www.cultura21.net\/de\/wp-json\/wp\/v2\/pages"}],"about":[{"href":"https:\/\/www.cultura21.net\/de\/wp-json\/wp\/v2\/types\/page"}],"author":[{"embeddable":true,"href":"https:\/\/www.cultura21.net\/de\/wp-json\/wp\/v2\/users\/14"}],"replies":[{"embeddable":true,"href":"https:\/\/www.cultura21.net\/de\/wp-json\/wp\/v2\/comments?post=454"}],"version-history":[{"count":0,"href":"https:\/\/www.cultura21.net\/de\/wp-json\/wp\/v2\/pages\/454\/revisions"}],"wp:attachment":[{"href":"https:\/\/www.cultura21.net\/de\/wp-json\/wp\/v2\/media?parent=454"}],"curies":[{"name":"wp","href":"https:\/\/api.w.org\/{rel}","templated":true}]}}