{"id":3983,"date":"2011-07-13T10:48:53","date_gmt":"2011-07-13T10:48:53","guid":{"rendered":"http:\/\/www.cultura21.net\/?page_id=3983"},"modified":"2014-01-17T14:35:29","modified_gmt":"2014-01-17T13:35:29","slug":"links-de","status":"publish","type":"page","link":"https:\/\/www.cultura21.net\/de\/links-de\/","title":{"rendered":"Links national"},"content":{"rendered":"<h3><a href=\"http:\/\/www.art-ecology-education.org\/\"><img loading=\"lazy\" decoding=\"async\" class=\"alignleft size-full wp-image-3984\" title=\"art_ecology_eucation\" alt=\"\" src=\"http:\/\/www.cultura21.net\/wp-content\/uploads\/2011\/07\/art_ecology_eucation.png\" width=\"133\" height=\"133\" \/><\/a><a href=\"http:\/\/www.art-ecology-education.org\/\" target=\"_blank\">art.ecology.education<\/a><\/h3>\n<p>Das Ziel von art.ecology.education ist es zur Verbesserung des Zugangs zu Wissen und Informationen f\u00fcr ein integriertes, nachhaltiges Leben beizutragen. Angebote umfassen z.B. Workshops, Schulprogramme, Ein-Jahres-Trainings, Coachings, Kunstprojekte (G\u00e4rten, Initiativen, Performances, k\u00fcnstlerische Arbeiten) und Permakultur-Kurse.<\/p>\n<h3><a href=\"www.friedensfilm.de\"><img loading=\"lazy\" decoding=\"async\" class=\"alignleft size-full wp-image-3988\" title=\"friedensfilmpreis\" alt=\"\" src=\"http:\/\/www.cultura21.net\/wp-content\/uploads\/2011\/07\/friedensfilmpreis.png\" width=\"134\" height=\"134\" \/><\/a><a href=\"http:\/\/www.friedensfilm.de\/\" target=\"_blank\">Friedensfilmpreis &#8211; \u201eWichtiger als der Oscar\u201c<\/a><\/h3>\n<p>Das Kino kann \u00fcber Grenzen hinweg das Denken und F\u00fchlen der Menschen zugleich zu erreichen.<\/p>\n<p>Seit 1986 ist der Friedensfilmpreis ein fester Bestandteil der Internationalen Filmfestspiele Berlin und wird j\u00e4hrlich auf der Berlinale verliehen.<\/p>\n<h3><a href=\"http:\/\/www.goethe.de\/ges\/umw\/prj\/kuk\/deindex.htm\" target=\"_blank\"><img loading=\"lazy\" decoding=\"async\" class=\"alignleft\" title=\"goethe_institut\" alt=\"\" src=\"http:\/\/www.cultura21.net\/wp-content\/uploads\/2011\/07\/goethe_institut.jpg\" width=\"133\" height=\"92\" \/>Goethe\/Klima<\/a><\/h3>\n<p>Das Goethe-Institut hat \u201eKultur und Klimawandel\u201c zu einem thematischen Schwerpunkt gemacht und sich dabei zum Ziel gesetzt, k\u00fcnstlerische und kulturwissenschaftliche Reflexionen \u00fcber den Klimawandel in den Fokus zu nehmen.<\/p>\n<h3><a href=\"http:\/\/id22.net\/ \"><img loading=\"lazy\" decoding=\"async\" class=\"alignleft\" title=\"id22\" alt=\"\" src=\"http:\/\/www.cultura21.net\/wp-content\/uploads\/2011\/07\/id22.png\" width=\"132\" height=\"132\" \/><\/a><a href=\"http:\/\/id22.net\/\" target=\"_blank\">id22: Institut f\u00fcr kreative Nachhaltigkeit <\/a><\/h3>\n<p>id22 ist eine interdisziplin\u00e4re Einrichtung, die sich f\u00fcr eine kreative Kultur der nachhaltigen Stadtentwicklung einsetzt. Sie unterst\u00fctzt und propagiert hierf\u00fcr selbstorganisierte engagierte Initiativen und st\u00e4dtische Akteure aus einer Vielzahl gesellschaftlicher Bereiche. id22 organisiert Netzwerkveranstaltungen, produziert Publikationen, betreibt Internetportale und arbeitet zusammen mit Medienpartnern daran, den Lebensraum in der Stadt qualitativ zu verbessern.<\/p>\n<h3><a href=\"http:\/\/nachhaltigesberlin.de\/\"><img loading=\"lazy\" decoding=\"async\" class=\"alignleft size-full wp-image-4020\" title=\"jourfixe\" alt=\"\" src=\"http:\/\/www.cultura21.net\/wp-content\/uploads\/2011\/07\/jourfixe.png\" width=\"130\" height=\"130\" \/><\/a><a href=\"http:\/\/nachhaltigesberlin.de\/\" target=\"_blank\">Jour-Fixe<\/a><\/h3>\n<p>Angesichts der gegenw\u00e4rtigen Dynamik und immer neuer Initiativen, der Informationsflut an Nachhaltigkeitsverteilern, Veranstaltungen und Aktivit\u00e4ten Berliner Nachhaltigkeitsengagierter organisiert Jour-Fixe einen regelm\u00e4\u00dfigen Austausch.<\/p>\n<h3><a href=\"http:\/\/www.boell.de\/bildungkultur\/bildung-kultur.html\"><img loading=\"lazy\" decoding=\"async\" class=\"alignleft size-full wp-image-3999\" title=\"heinrich_b\u00f6ll_stiftung\" alt=\"\" src=\"http:\/\/www.cultura21.net\/wp-content\/uploads\/2011\/07\/heinrich_b\u00f6ll_stiftung1.png\" width=\"130\" height=\"130\" \/><\/a><a href=\"http:\/\/www.boell.de\/bildungkultur\/bildung-kultur.html\" target=\"_blank\">Heinrich B\u00f6ll Stiftung &#8211; Kunst als Seismograph <\/a><\/h3>\n<p>In den Texten eines Literaten, der Installation eines K\u00fcnstlers oder der Inszenierungspraxis eines Regisseurs artikulieren sich oftmals Problemstellungen, noch bevor sie die B\u00fchne des Parlamentarischen erreichen. Auf dieser Seite der Heinrich-B\u00f6ll-Stiftung gibt es Veranstaltungstipps und Informationen rund um die thematische Schnittstelle \u201e\u00c4sthetik &amp; Politik\u201c.<\/p>\n<h3><a href=\"http:\/\/www.klimapiraten.net\"><img loading=\"lazy\" decoding=\"async\" class=\"alignleft size-full wp-image-4018\" title=\"klimapiraten\" alt=\"\" src=\"http:\/\/www.cultura21.net\/wp-content\/uploads\/2011\/07\/klimapiraten.png\" width=\"128\" height=\"128\" \/><\/a><a href=\"http:\/\/www.klimapiraten.net\/site\/\" target=\"_blank\">Klimapiraten<\/a><\/h3>\n<p>Die Klimapiraten engagieren sich mit kreativen und partizipativen Aktionen f\u00fcr eine schnelle Energiewende hin zu 100% Erneuerbaren Energien und gegen den Bau des Kohlekraftwerks in Brunsb\u00fcttel.<\/p>\n<p>&nbsp;<\/p>\n<h3><a href=\"http:\/\/prinzessinnengarten.net\/%20\" target=\"_blank\"><br \/>\n<\/a><a href=\"http:\/\/www.cultura21.net\/wp-content\/uploads\/2011\/07\/prinzessineng%C3%A4rten.png\"><img loading=\"lazy\" decoding=\"async\" class=\"alignleft size-full wp-image-4013\" title=\"prinzessineng\u00e4rten\" alt=\"\" src=\"http:\/\/www.cultura21.net\/wp-content\/uploads\/2011\/07\/prinzessineng%C3%A4rten.png\" width=\"120\" height=\"120\" \/><\/a><a href=\"http:\/\/prinzessinnengarten.net\/%20\" target=\"_blank\">Prinzessinneng\u00e4rten<\/a><\/h3>\n<p>Seit Sommer 2009 betreiben Nomadisch Gr\u00fcn den Prinzessinnengarten in Berlin Kreuzberg. Es handelt sich um eine soziale, \u00f6kologische und partizipative Landwirtschaft in der Stadt. Am Moritzplatz werden auf einer vom Liegenschaftsfond gepachteten 6000 qm gro\u00dfen Fl\u00e4che Gem\u00fcse in Bioqualit\u00e4t angebaut.<\/p>\n<h3><a href=\"http:\/\/www.transitionnetwork.org\"><img loading=\"lazy\" decoding=\"async\" class=\"alignleft size-full wp-image-4010\" title=\"transitiontown\" alt=\"\" src=\"http:\/\/www.cultura21.net\/wp-content\/uploads\/2011\/07\/transitiontown.png\" width=\"135\" height=\"135\" \/>Transitiontown Network<\/a><\/h3>\n<p>Im Rahmen des Transition Town Movement proben seit 2006 Umwelt- und Nachhaltigkeitsinitiativen in vielen St\u00e4dten und Gemeinden der Welt den geplanten \u00dcbergang in eine postfossile, relokalisierte Wirtschaft.<\/p>\n<h3><a href=\"http:\/\/www.ueber-lebenskunst.org \"><img loading=\"lazy\" decoding=\"async\" class=\"alignleft size-full wp-image-4006\" title=\"\u00fcberlebenskunst\" alt=\"\" src=\"http:\/\/www.cultura21.net\/wp-content\/uploads\/2011\/07\/\u00fcberlebenskunst1.png\" width=\"130\" height=\"130\" \/><\/a><a href=\"http:\/\/www.ueber-lebenskunst.org \" target=\"_blank\">\u00dcber Lebenskunst<\/a><\/h3>\n<p>Das Haus der Kulturen der Welt ist ein experimenteller Ort f\u00fcr internationale, zeitgen\u00f6ssische K\u00fcnste. Es greift zentrale gesellschaftliche Themen auf. Sein Name steht programmatisch daf\u00fcr ein, dass die durch \u00f6kologische Krisen ausgel\u00f6sten Kultur- und Gerechtigkeitsfragen nur in globalen Zusammenh\u00e4ngen zu begreifen und zu l\u00f6sen sind. Hier gibt es ein vielf\u00e4ltiges Programm an Kunst, Film, Musik, Performance und Literatur.<\/p>\n<h3><a href=\"http:\/\/www.und-institut.de\"><img loading=\"lazy\" decoding=\"async\" class=\"alignleft size-full wp-image-4009\" title=\"und\" alt=\"\" src=\"http:\/\/www.cultura21.net\/wp-content\/uploads\/2011\/07\/und.png\" width=\"133\" height=\"133\" \/><\/a><a href=\"http:\/\/www.und-institut.de\" target=\"_blank\">und.institut<\/a><\/h3>\n<p>und. Institut f\u00fcr Kunst, Kultur und Zukunftsf\u00e4higkeit e.V. sieht seine Aufgabe darin, zwischen Kulturschaffenden und den vielf\u00e4ltigen Akteuren im Diskursfeld Zukunftsf\u00e4higkeit zu vermitteln, zu vernetzen und exemplarische Modelle eines fruchtbaren Austauschs zu entwickeln.Das Institut initiiert, konzipiert und organisiert transdisziplin\u00e4re Kooperationen mit Partnern aus Kunst und Kultur, der Wissenschaft, der Wirtschaft und der Zivilgesellschaft.<\/p>\n<h3><a href=\"http:\/\/www.bpb.de\/veranstaltungen\"><img loading=\"lazy\" decoding=\"async\" class=\"alignleft\" title=\"bpb\" alt=\"\" src=\"http:\/\/www.cultura21.net\/wp-content\/uploads\/2011\/07\/bpb.png\" width=\"132\" height=\"132\" \/><\/a><a href=\"http:\/\/www.bpb.de\/veranstaltungen\" target=\"_blank\">Veranstaltungskalender &#8211; Bpb<\/a><\/h3>\n<p>Der Veranstaltungskalender der Bundeszentrale f\u00fcr politische Bildung umfasst aktuelle Veranstaltungen (Ausstellungen, Kino, TV, Theater, Aktionen, Wettbewerbe, Seminare, Tagungen, Kongresse, Podien, Studienreisen und Dokumentationen) im Kontext politischer Themen.<\/p>\n<p>&nbsp;<\/p>\n","protected":false},"excerpt":{"rendered":"<p>art.ecology.education Das Ziel von art.ecology.education ist es zur Verbesserung des Zugangs zu Wissen und Informationen f\u00fcr ein integriertes, nachhaltiges Leben beizutragen. Angebote umfassen z.B. Workshops, Schulprogramme, Ein-Jahres-Trainings, Coachings, Kunstprojekte (G\u00e4rten, Initiativen, Performances, k\u00fcnstlerische Arbeiten) und Permakultur-Kurse. Friedensfilmpreis &#8211; \u201eWichtiger als der Oscar\u201c Das Kino kann \u00fcber Grenzen hinweg das Denken und F\u00fchlen der Menschen zugleich&hellip; <a class=\"more-link\" href=\"https:\/\/www.cultura21.net\/de\/links-de\/\"><span class=\"screen-reader-text\">Links national<\/span> weiterlesen<\/a><\/p>\n","protected":false},"author":37,"featured_media":0,"parent":0,"menu_order":0,"comment_status":"closed","ping_status":"closed","template":"","meta":{"footnotes":""},"_links":{"self":[{"href":"https:\/\/www.cultura21.net\/de\/wp-json\/wp\/v2\/pages\/3983"}],"collection":[{"href":"https:\/\/www.cultura21.net\/de\/wp-json\/wp\/v2\/pages"}],"about":[{"href":"https:\/\/www.cultura21.net\/de\/wp-json\/wp\/v2\/types\/page"}],"author":[{"embeddable":true,"href":"https:\/\/www.cultura21.net\/de\/wp-json\/wp\/v2\/users\/37"}],"replies":[{"embeddable":true,"href":"https:\/\/www.cultura21.net\/de\/wp-json\/wp\/v2\/comments?post=3983"}],"version-history":[{"count":0,"href":"https:\/\/www.cultura21.net\/de\/wp-json\/wp\/v2\/pages\/3983\/revisions"}],"wp:attachment":[{"href":"https:\/\/www.cultura21.net\/de\/wp-json\/wp\/v2\/media?parent=3983"}],"curies":[{"name":"wp","href":"https:\/\/api.w.org\/{rel}","templated":true}]}}