{"id":19,"date":"2010-11-19T09:43:42","date_gmt":"2010-11-19T09:43:42","guid":{"rendered":"http:\/\/www.cultura21.net\/"},"modified":"2024-04-02T10:44:56","modified_gmt":"2024-04-02T08:44:56","slug":"ueber-das-netzwerk","status":"publish","type":"page","link":"https:\/\/www.cultura21.net\/de\/ueber-das-netzwerk\/","title":{"rendered":"\u00dcber das Netzwerk"},"content":{"rendered":"\n<p>Die Informationen \u00fcber Schreibende und Biografien, Organisationen und Inhalte der Beitr\u00e4ge sind veraltet. Bitte dies beim Lesen der Beitr\u00e4ge ber\u00fccksichtigen.<\/p>\n\n\n\n<p>23.3.2024: Diese Webseite ist seit 2015 als Archiv gedacht. Keine neuen Beitr\u00e4ge oder Inhalte. 918 Beitr\u00e4ge und 52 Seiten in bis zu 8 verschiedenen Sprachen inklusive Esperanto.<\/p>\n\n\n\n<hr class=\"wp-block-separator has-alpha-channel-opacity\"\/>\n\n\n\n<p>Cultura21 ist eine sparten\u00fcbergreifende Plattform, die sich f\u00fcr einen kulturellen Wandel im Sinne einer sozial-\u00f6kologischen Entwicklung einsetzt, das hei\u00dft f\u00fcr eine kulturelle Evolution der Gesellschaften und der Lebensweisen.<\/p>\n\n\n\n<h2 class=\"wp-block-heading\">Idee<\/h2>\n\n\n\n<p>Das Netzwerk Cultura21 setzt sich f\u00fcr eine kulturelle Wende ein, die sich als Vorraussetzung und Strategie f\u00fcr die dringend n\u00f6tige sozial-\u00f6kologische Wende der Gesellschaft versteht. Zwei Ans\u00e4tze pr\u00e4gen das Selbsverst\u00e4ndnis von Cultura21: die strukturelle Verbindung der Kultur mit dem Leitbild einer Nachhaltigen Entwicklung und die Kultur in ihrer existenziellen und gestalterischen Bedeutung f\u00fcr die Gesellschaft und die Menschen.<\/p>\n\n\n\n<p>Durch die Bildung einer Plattform tritt Cultura21 f\u00fcr den Dialog zwischen Akteuren der freien Kultur, der Zivilgesellschaft und einer (sozial-\u00f6kologisch orientierten) Wirtschaft ein.<\/p>\n\n\n\n<h2 class=\"wp-block-heading\">Struktur des Netzwerkes<\/h2>\n\n\n\n<p>Cultura21 versteht sich als lernende Organisation. Das Netzwerk ist f\u00fcr Cultura21 eine Organisationsform, die es erm\u00f6glicht offen, dynamisch und m\u00f6glichst hierachiefrei verschiedenste Aspekte zu verbinden: Lokal und Global, Vielfalt und Gemeinsamkeit, Autonomie und Einheit, Selbstbestimmung und Zusammenarbeit, Individuum und Gruppe, Freiheit und Verantwortung, Ethik und Beruf.<\/p>\n\n\n\n<p>Die Struktur des Netzwerkes von Cultura21 besteht aus einer Kommunikations- und einer zielorientierten Struktur. Cultura21 e.V. fungiert dabei als Knotenpunkt f\u00fcr die Organisation des Netzwerkes.<\/p>\n\n\n\n<p><strong>Kommunikationsorientierte Struktur<\/strong><\/p>\n\n\n\n<ul>\n<li>passive Mitgliedschaften und Kontakte<\/li>\n\n\n\n<li>Kooperationen<\/li>\n\n\n\n<li>Partnerschaften, Projektmanagement und Teammanagement<\/li>\n\n\n\n<li>Koordination, Mitgestaltung, Investition, Entwicklung<\/li>\n<\/ul>\n\n\n\n<p><strong>Zielorientierte Struktur<\/strong><\/p>\n\n\n\n<ul>\n<li>Netzwerk, Institut<\/li>\n\n\n\n<li>Webmagazin<\/li>\n\n\n\n<li>Bildung von Regional und Lokalgruppen<\/li>\n<\/ul>\n\n\n\n<p>Die Ziele sind sehr umfangreich. Sie m\u00fcssen sich an den verf\u00fcgbaren Ressourcen ausrichten und k\u00f6nnen deshalb nur eine Orientierung f\u00fcr konkrete Schritte bieten.<\/p>\n\n\n\n<p>Bei Cultura21 werden die Kompetenzen und die Ma\u00dfnahmen in verschiedene Einrichtungen gruppiert, die sich gegenseitig erg\u00e4nzen und unterst\u00fctzen. Sie bilden die Grundstruktur der Plattform.<\/p>\n\n\n\n<h2 class=\"wp-block-heading\">Der Verein Institut Cultura21 e.V.<\/h2>\n\n\n\n<h3 class=\"wp-block-heading\">Aufgaben und Schwerpunkte<\/h3>\n\n\n\n<p>Das Institut Cultura21 e.V. bildet den inhaltlichen Raum der Plattform. Es ist ein gemeinn\u00fctziger eingetragener Verein. Mit seinem trans-, interdisziplin\u00e4ren und interkulturellen Ansatz unterst\u00fctzt und ber\u00e4t das Institut die anderen Einrichtungen sowie Dritte. Hier werden die Analysen, die Visionen und die Strategien von Cultura21 erforscht, diskutiert, erprobt und weiterentwickelt. Das Institut besch\u00e4ftigt sich mit Fragen wie: Was verhindert die Umsetzung von bew\u00e4hrten L\u00f6sungen in der Gesellschaft?Warum ist das Umweltbewusstsein gesunken, obwohl sich soziale und \u00f6kologische Probleme versch\u00e4rft haben? Wie kann ein enger Austausch zwischen K\u00fcnsten und Wissenschaften zur&nbsp;Sustainability&nbsp;beitragen?<\/p>\n\n\n\n<p>Wie kann eine Bewegung f\u00fcr eine sozial-\u00f6kologische Entwicklung konkret aussehen? Wie kann eine Wiederholung bereits gescheiterter Erfahrungen, die mit ebenso viel Ideal und Elan begonnen hatten, vermieden werden?<\/p>\n\n\n\n<p>Die Ergebnisse dieser Arbeit werden in den anderen Einrichtungen von Cultura21 praktisch umgesetzt. Das Institut bietet dem Netzwerk einen Raum f\u00fcr Kommunikation, f\u00fcr Weiterbildung und Wissenstransfer zwischen den verschiedenen Bereichen und Disziplinen.<\/p>\n\n\n\n<h2 class=\"wp-block-heading\">Netzwerk<\/h2>\n\n\n\n<p>Das Netzwerk Cultura21 ist ein Beitrag zur Bildung einer breitenkulturellen Bewegung f\u00fcr eine sozial-\u00f6kologische Entwicklung. Nicht nur die Kultur, die Zivilgesellschaft und die sozial-\u00f6kologische Wirtschaft werden dabei vernetzt, sondern auch die brachliegenden, oft marginalisierten Kr\u00e4fte der Gesellschaft, z. B. Arbeitslose, MigrantInnen, und die Menschen, die kritisch und kreativ denken, aber noch nicht oder nicht mehr organisiert sind. Das Netzwerk f\u00f6rdert die Bildung von neuen Synergien, den Wissens- und Erfahrungstransfer sowie die Konzeption und die Durchf\u00fchrung gemeinsamer Projekte.<\/p>\n\n\n\n<h3 class=\"wp-block-heading\">Bei den genannten Zielgruppen deckt das Netzwerk einen wichtigen Bedarf<\/h3>\n\n\n\n<ul>\n<li>Gerade in Krisenzeiten und in Zeiten des gesellschaftlichen Wandels werden Netzwerke wichtiger. Die Kooperation ersetzt die Konkurrenz. Die Ohnmacht des Einzelnen wird in kreative Gestaltungskraft umgewandelt.<\/li>\n\n\n\n<li>Die Bildung und die Durchsetzung sozial-\u00f6kologischer Wirtschaftskreisl\u00e4ufe erfordern neue politische und kulturelle Rahmenbedingungen. Deshalb brauchen sozial-\u00f6kologische Unternehmen die Zusammenarbeit mit zivilgesellschaftlichen und kulturellen Akteuren.<\/li>\n\n\n\n<li>Zivilgesellschaftliche und kulturelle Akteure ben\u00f6tigen weitere Finanzierungsquellen, um frei arbeiten zu k\u00f6nnen. Eine sozial-\u00f6kologische Wirtschaft bietet ihnen neue M\u00f6glichkeiten.<\/li>\n\n\n\n<li>Die Zivilgesellschaft kann zurzeit ihr politisches Potenzial nicht aussch\u00f6pfen. Daf\u00fcr ist sie auf einen gleichberechtigten, nicht-instrumentellen Austausch mit Kulturakteuren angewiesen.<\/li>\n\n\n\n<li>Immer mehr Kulturakteure merken, dass die Gleichsetzung von \u00bbFreiheit\u00ab mit einer angeblichen Neutralit\u00e4t zu einer Funktionalisierung und einer Instrumentalisierung der Kunst, der Wissenschaft, der Medien und der Bildung gef\u00fchrt hat. Sie suchen deshalb verst\u00e4rkt den Austausch mit der Zivilgesellschaft, um der wachsenden Fremdbestimmung und Kommerzialisierung zu entkommen.<\/li>\n<\/ul>\n\n\n\n<h2 class=\"wp-block-heading\">Webmagazin \/ Medien<\/h2>\n\n\n\n<p>Die Medien von Cultura21 dienen sowohl der internen als auch der externen Kommunikation und Information.<br>Die Redaktion des Webmagazins besteht aus Journalisten, K\u00fcnstlern, Schriftstellern und Wissenschaftlern. Sie ist ein Labor f\u00fcr unabh\u00e4ngige kritische Information und ein Forum f\u00fcr Fragen der gesellschaftlichen und kulturellen Entwicklung.<br><a href=\"http:\/\/magazin.cultura21.de\">\u00bb Link zum Webmagazin<\/a><\/p>\n","protected":false},"excerpt":{"rendered":"<p>Die Informationen \u00fcber Schreibende und Biografien, Organisationen und Inhalte der Beitr\u00e4ge sind veraltet. Bitte dies beim Lesen der Beitr\u00e4ge ber\u00fccksichtigen. 23.3.2024: Diese Webseite ist seit 2015 als Archiv gedacht. Keine neuen Beitr\u00e4ge oder Inhalte. 918 Beitr\u00e4ge und 52 Seiten in bis zu 8 verschiedenen Sprachen inklusive Esperanto. Cultura21 ist eine sparten\u00fcbergreifende Plattform, die sich f\u00fcr&hellip; <a class=\"more-link\" href=\"https:\/\/www.cultura21.net\/de\/ueber-das-netzwerk\/\"><span class=\"screen-reader-text\">\u00dcber das Netzwerk<\/span> weiterlesen<\/a><\/p>\n","protected":false},"author":14,"featured_media":0,"parent":0,"menu_order":1,"comment_status":"closed","ping_status":"closed","template":"","meta":{"footnotes":""},"_links":{"self":[{"href":"https:\/\/www.cultura21.net\/de\/wp-json\/wp\/v2\/pages\/19"}],"collection":[{"href":"https:\/\/www.cultura21.net\/de\/wp-json\/wp\/v2\/pages"}],"about":[{"href":"https:\/\/www.cultura21.net\/de\/wp-json\/wp\/v2\/types\/page"}],"author":[{"embeddable":true,"href":"https:\/\/www.cultura21.net\/de\/wp-json\/wp\/v2\/users\/14"}],"replies":[{"embeddable":true,"href":"https:\/\/www.cultura21.net\/de\/wp-json\/wp\/v2\/comments?post=19"}],"version-history":[{"count":4,"href":"https:\/\/www.cultura21.net\/de\/wp-json\/wp\/v2\/pages\/19\/revisions"}],"predecessor-version":[{"id":15987,"href":"https:\/\/www.cultura21.net\/de\/wp-json\/wp\/v2\/pages\/19\/revisions\/15987"}],"wp:attachment":[{"href":"https:\/\/www.cultura21.net\/de\/wp-json\/wp\/v2\/media?parent=19"}],"curies":[{"name":"wp","href":"https:\/\/api.w.org\/{rel}","templated":true}]}}